{"id":3887,"date":"2015-12-15T17:39:03","date_gmt":"2015-12-15T15:39:03","guid":{"rendered":"https:\/\/www.axelpfaender.com\/de\/contact\/"},"modified":"2024-01-17T15:48:09","modified_gmt":"2024-01-17T13:48:09","slug":"kontakt","status":"publish","type":"page","link":"https:\/\/www.axelpfaender.com\/de\/kontakt\/","title":{"rendered":"Kontakt &#038; Impressum"},"content":{"rendered":"<div id=\"pl-3887\"  class=\"panel-layout\" ><div id=\"pg-3887-0\"  class=\"panel-grid panel-no-style\" ><div id=\"pgc-3887-0-0\"  class=\"panel-grid-cell\" ><div id=\"panel-3887-0-0-0\" class=\"so-panel widget widget_black-studio-tinymce widget_black_studio_tinymce panel-first-child panel-last-child\" data-index=\"0\" ><div class=\"textwidget\"><p>Studio Axel Pfaender<br \/>\nLehenstr. 30<br \/>\n70180 Stuttgart<br \/>\nDeutschland<\/p>\n<\/div><\/div><\/div><div id=\"pgc-3887-0-1\"  class=\"panel-grid-cell\" ><div id=\"panel-3887-0-1-0\" class=\"so-panel widget widget_black-studio-tinymce widget_black_studio_tinymce panel-first-child panel-last-child\" data-index=\"1\" ><h3 class=\"widget-title\">Kontakt<\/h3><div class=\"textwidget\"><p>Telefon:\u00a001727805707<br \/>\nE-mail: <a href=\"javascript:secureDecryptAndNavigate('9pcf2T8Xtt1UfxqqXItFu\/whZ+bqN8fC0UEyz1uqcduYCq\/qDkGHwCJ7YPlaSYcmg8heLANQe49YO41b17V3GvEJz9uu8Ex1IEY=', 'e0d6c2c3ba85d880334de6d985621cabd6bad2fb8106ebcc28f6bdc33a303096')\">ap [at] axelpfaender [dot] com<\/a><\/p>\n<\/div><\/div><\/div><div id=\"pgc-3887-0-2\"  class=\"panel-grid-cell\" ><div id=\"panel-3887-0-2-0\" class=\"so-panel widget widget_black-studio-tinymce widget_black_studio_tinymce panel-first-child panel-last-child\" data-index=\"2\" ><h3 class=\"widget-title\">Kontakt<\/h3><div class=\"textwidget\"><p>Auf <a href=\"https:\/\/www.behance.net\/AxelPfaender\" target=\"_blank\" rel=\"noopener\">Behance<\/a> folgen.<br \/>\nAuf <a href=\"https:\/\/www.instagram.com\/axelpfaender\/\" target=\"_blank\" rel=\"noopener\">Instagram<\/a> folgen.<br \/>\nBerlin Boombox Fan werden auf <a href=\"https:\/\/www.instagram.com\/berlinboombox\/\" target=\"_blank\" rel=\"noopener\">Instagram<\/a><\/p>\n<\/div><\/div><\/div><\/div><div id=\"pg-3887-1\"  class=\"panel-grid panel-no-style\" ><div id=\"pgc-3887-1-0\"  class=\"panel-grid-cell\" ><div id=\"panel-3887-1-0-0\" class=\"so-panel widget widget_black-studio-tinymce widget_black_studio_tinymce panel-first-child panel-last-child\" data-index=\"3\" ><h3 class=\"widget-title\">Impressum<\/h3><div class=\"textwidget\"><p>Angaben gem\u00e4\u00df \u00a7 5 TMG:<\/p>\n<p>Axel Pfaender<br \/>\nStudio Axel Pfaender<br \/>\nLehenstr. 30<br \/>\n70180 Stuttgart<br \/>\nDeutschland<\/p>\n<p>Kontakt:<\/p>\n<p>Telefon: +491727805707<\/p>\n<p>E-Mail: <a href=\"javascript:secureDecryptAndNavigate('+gAYyhBNv8RLBKMkyLPWEIYJ6qXFfaSPOZEoAILwdZjaDuCdXIXFSi6umU9PrrVknOhHfvn1jZrUo4yjpR4iv7E5ECF7arhuF\/I=', 'e0d6c2c3ba85d880334de6d985621cabd6bad2fb8106ebcc28f6bdc33a303096')\">ap [at] axelpfaender [dot] com<\/a><br \/>\nUmsatzsteuer-Identifikationsnummer gem\u00e4\u00df \u00a727 a Umsatzsteuergesetz:<br \/>\nDE225974012<\/p>\n<p>Quelle: http:\/\/www.e-recht24.de<\/p>\n<p><strong>Haftungsausschluss (Disclaimer)<\/strong><br \/>\n<strong>Haftung f\u00fcr Inhalte<\/strong><\/p>\n<p>Als Diensteanbieter sind wir gem\u00e4\u00df \u00a7 7 Abs.1 TMG f\u00fcr eigene Inhalte auf diesen Seiten nach den allgemeinen Gesetzen verantwortlich. Nach \u00a7\u00a7 8 bis 10 TMG sind wir als Diensteanbieter jedoch nicht verpflichtet, \u00fcbermittelte oder gespeicherte fremde Informationen zu \u00fcberwachen oder nach Umst\u00e4nden zu forschen, die auf eine rechtswidrige T\u00e4tigkeit hinweisen. Verpflichtungen zur Entfernung oder Sperrung der Nutzung von Informationen nach den allgemeinen Gesetzen bleiben hiervon unber\u00fchrt. Eine diesbez\u00fcgliche Haftung ist jedoch erst ab dem Zeitpunkt der Kenntnis einer konkreten Rechtsverletzung m\u00f6glich. Bei Bekanntwerden von entsprechenden Rechtsverletzungen werden wir diese Inhalte umgehend entfernen.<\/p>\n<p><strong>Haftung f\u00fcr Links<\/strong><\/p>\n<p>Unser Angebot enth\u00e4lt Links zu externen Webseiten Dritter, auf deren Inhalte wir keinen Einfluss haben. Deshalb k\u00f6nnen wir f\u00fcr diese fremden Inhalte auch keine Gew\u00e4hr \u00fcbernehmen. F\u00fcr die Inhalte der verlinkten Seiten ist stets der jeweilige Anbieter oder Betreiber der Seiten verantwortlich. Die verlinkten Seiten wurden zum Zeitpunkt der Verlinkung auf m\u00f6gliche Rechtsverst\u00f6\u00dfe \u00fcberpr\u00fcft. Rechtswidrige Inhalte waren zum Zeitpunkt der Verlinkung nicht erkennbar. Eine permanente inhaltliche Kontrolle der verlinkten Seiten ist jedoch ohne konkrete Anhaltspunkte einer Rechtsverletzung nicht zumutbar. Bei Bekanntwerden von Rechtsverletzungen werden wir derartige Links umgehend entfernen.<\/p>\n<p><strong>Urheberrecht<\/strong><\/p>\n<p>Die durch die Seitenbetreiber erstellten Inhalte und Werke auf diesen Seiten unterliegen dem deutschen Urheberrecht. Die Vervielf\u00e4ltigung, Bearbeitung, Verbreitung und jede Art der Verwertung au\u00dferhalb der Grenzen des Urheberrechtes bed\u00fcrfen der schriftlichen Zustimmung des jeweiligen Autors bzw. Erstellers. Downloads und Kopien dieser Seite sind nur f\u00fcr den privaten, nicht kommerziellen Gebrauch gestattet. Soweit die Inhalte auf dieser Seite nicht vom Betreiber erstellt wurden, werden die Urheberrechte Dritter beachtet. Insbesondere werden Inhalte Dritter als solche gekennzeichnet. Sollten Sie trotzdem auf eine Urheberrechtsverletzung aufmerksam werden, bitten wir um einen entsprechenden Hinweis. Bei Bekanntwerden von Rechtsverletzungen werden wir derartige Inhalte umgehend entfernen.<\/p>\n<p><strong>Datenschutzerkl\u00e4rung:<\/strong><br \/>\n<strong>Datenschutz<\/strong><\/p>\n<p>Die Betreiber dieser Seiten nehmen den Schutz Ihrer pers\u00f6nlichen Daten sehr ernst. Wir behandeln Ihre personenbezogenen Daten vertraulich und entsprechend der gesetzlichen Datenschutzvorschriften sowie dieser Datenschutzerkl\u00e4rung.<\/p>\n<p>Die Nutzung unserer Webseite ist in der Regel ohne Angabe personenbezogener Daten m\u00f6glich. Soweit auf unseren Seiten personenbezogene Daten (beispielsweise Name, Anschrift oder E-Mail-Adressen) erhoben werden, erfolgt dies, soweit m\u00f6glich, stets auf freiwilliger Basis. Diese Daten werden ohne Ihre ausdr\u00fcckliche Zustimmung nicht an Dritte weitergegeben.<\/p>\n<p>Wir weisen darauf hin, dass die Daten\u00fcbertragung im Internet (z.B. bei der Kommunikation per E-Mail) Sicherheitsl\u00fccken aufweisen kann. Ein l\u00fcckenloser Schutz der Daten vor dem Zugriff durch Dritte ist nicht m\u00f6glich.<\/p>\n<p><strong>Datenschutzerkl\u00e4rung f\u00fcr die Nutzung von Facebook-Plugins (Like-Button)<\/strong><\/p>\n<p>Auf unseren Seiten sind Plugins des sozialen Netzwerks Facebook, Anbieter Facebook Inc., 1 Hacker Way, Menlo Park, California 94025, USA, integriert. Die Facebook-Plugins erkennen Sie an dem Facebook-Logo oder dem \"Like-Button\" (\"Gef\u00e4llt mir\") auf unserer Seite. Eine \u00dcbersicht \u00fcber die Facebook-Plugins finden Sie hier: http:\/\/developers.facebook.com\/docs\/plugins\/.<\/p>\n<p>Wenn Sie unsere Seiten besuchen, wird \u00fcber das Plugin eine direkte Verbindung zwischen Ihrem Browser und dem Facebook-Server hergestellt. Facebook erh\u00e4lt dadurch die Information, dass Sie mit Ihrer IP-Adresse unsere Seite besucht haben. Wenn Sie den Facebook \"Like-Button\" anklicken w\u00e4hrend Sie in Ihrem Facebook-Account eingeloggt sind, k\u00f6nnen Sie die Inhalte unserer Seiten auf Ihrem Facebook-Profil verlinken. Dadurch kann Facebook den Besuch unserer Seiten Ihrem Benutzerkonto zuordnen. Wir weisen darauf hin, dass wir als Anbieter der Seiten keine Kenntnis vom Inhalt der \u00fcbermittelten Daten sowie deren Nutzung durch Facebook erhalten. Weitere Informationen hierzu finden Sie in der Datenschutzerkl\u00e4rung von Facebook unter http:\/\/de-de.facebook.com\/policy.php.<\/p>\n<p>Wenn Sie nicht w\u00fcnschen, dass Facebook den Besuch unserer Seiten Ihrem Facebook- Nutzerkonto zuordnen kann, loggen Sie sich bitte aus Ihrem Facebook-Benutzerkonto aus.<\/p>\n<p><strong>Datenschutzerkl\u00e4rung f\u00fcr die Nutzung von Google Analytics<\/strong><\/p>\n<p>Diese Website nutzt Funktionen des Webanalysedienstes Google Analytics. Anbieter ist die Google Inc. 1600 Amphitheatre Parkway Mountain View, CA 94043, USA. Google Analytics verwendet sog. \"Cookies\". Das sind Textdateien, die auf Ihrem Computer gespeichert werden und die eine Analyse der Benutzung der Website durch Sie erm\u00f6glichen. Die durch den Cookie erzeugten Informationen \u00fcber Ihre Benutzung dieser Website werden in der Regel an einen Server von Google in den USA \u00fcbertragen und dort gespeichert.<\/p>\n<p>Im Falle der Aktivierung der IP-Anonymisierung auf dieser Webseite wird Ihre IP-Adresse von Google jedoch innerhalb von Mitgliedstaaten der Europ\u00e4ischen Union oder in anderen Vertragsstaaten des Abkommens \u00fcber den Europ\u00e4ischen Wirtschaftsraum zuvor gek\u00fcrzt. Nur in Ausnahmef\u00e4llen wird die volle IP-Adresse an einen Server von Google in den USA \u00fcbertragen und dort gek\u00fcrzt. Im Auftrag des Betreibers dieser Website wird Google diese Informationen benutzen, um Ihre Nutzung der Website auszuwerten, um Reports \u00fcber die Websiteaktivit\u00e4ten zusammenzustellen und um weitere mit der Websitenutzung und der Internetnutzung verbundene Dienstleistungen gegen\u00fcber dem Websitebetreiber zu erbringen. Die im Rahmen von Google Analytics von Ihrem Browser \u00fcbermittelte IP-Adresse wird nicht mit anderen Daten von Google zusammengef\u00fchrt.<\/p>\n<p>Sie k\u00f6nnen die Speicherung der Cookies durch eine entsprechende Einstellung Ihrer Browser-Software verhindern; wir weisen Sie jedoch darauf hin, dass Sie in diesem Fall gegebenenfalls nicht s\u00e4mtliche Funktionen dieser Website vollumf\u00e4nglich werden nutzen k\u00f6nnen. Sie k\u00f6nnen dar\u00fcber hinaus die Erfassung der durch das Cookie erzeugten und auf Ihre Nutzung der Website bezogenen Daten (inkl. Ihrer IP-Adresse) an Google sowie die Verarbeitung dieser Daten durch Google verhindern, indem sie das unter dem folgenden Link verf\u00fcgbare Browser-Plugin herunterladen und installieren: http:\/\/tools.google.com\/dlpage\/gaoptout?hl=de<\/p>\n<p><strong>Datenschutzerkl\u00e4rung f\u00fcr die Nutzung von Instagram<\/strong><\/p>\n<p>Auf unseren Seiten sind Funktionen des Dienstes Instagram eingebunden. Diese Funktionen werden angeboten durch die Instagram Inc., 1601 Willow Road, Menlo Park, CA, 94025, USA integriert. Wenn Sie in Ihrem Instagram - Account eingeloggt sind k\u00f6nnen Sie durch Anklicken des Instagram - Buttons die Inhalte unserer Seiten mit Ihrem Instagram - Profil verlinken. Dadurch kann Instagram den Besuch unserer Seiten Ihrem Benutzerkonto zuordnen. Wir weisen darauf hin, dass wir als Anbieter der Seiten keine Kenntnis vom Inhalt der u\u0308bermittelten Daten sowie deren Nutzung durch Instagram erhalten.<\/p>\n<p>Weitere Informationen hierzu finden Sie in der Datenschutzerkl\u00e4rung von Instagram: http:\/\/instagram.com\/about\/legal\/privacy\/<\/p>\n<p><strong>Datenschutzerkl\u00e4rung f\u00fcr die Nutzung von LinkedIn<\/strong><\/p>\n<p>Unsere Website nutzt Funktionen des Netzwerks LinkedIn. Anbieter ist die LinkedIn Corporation, 2029 Stierlin Court, Mountain View, CA 94043, USA. Bei jedem Abruf einer unserer Seiten, die Funktionen von LinkedIn enth\u00e4lt, wird eine Verbindung zu Servern von LinkedIn aufbaut. LinkedIn wird dar\u00fcber informiert, dass Sie unsere Internetseiten mit Ihrer IP-Adresse besucht haben. Wenn Sie den \"Recommend-Button\" von LinkedIn anklicken und in Ihrem Account bei LinkedIn eingeloggt sind, ist es LinkedIn m\u00f6glich, Ihren Besuch auf unserer Internetseite Ihnen und Ihrem Benutzerkonto zuzuordnen. Wir weisen darauf hin, dass wir als Anbieter der Seiten keine Kenntnis vom Inhalt der \u00fcbermittelten Daten sowie deren Nutzung durch LinkedIn haben.<\/p>\n<p>Weitere Informationen hierzu finden Sie in der Datenschutzerkl\u00e4rung von LinkedIn unter: https:\/\/www.linkedin.com\/legal\/privacy-policy<\/p>\n<p><strong>Datenschutzerkl\u00e4rung f\u00fcr die Nutzung von Pinterest<\/strong><\/p>\n<p>Auf unserer Seite verwenden wir Social Plugins des sozialen Netzwerkes Pinterest, das von der Pinterest Inc., 635 High Street, Palo Alto, CA, 94301, USA (\"Pinterest\") betrieben wird. Wenn Sie eine Seite aufrufen die ein solches Plugin enth\u00e4lt, stellt Ihr Browser eine direkte Verbindung zu den Servern von Pinterest her. Das Plugin \u00fcbermittelt dabei Protokolldaten an den Server von Pinterest in die USA. Diese Protokolldaten enthalten m\u00f6glicherweise Ihre IP-Adresse, die Adresse der besuchten Websites, die ebenfalls Pinterest-Funktionen enthalten, Art und Einstellungen des Browsers, Datum und Zeitpunkt der Anfrage, Ihre Verwendungsweise von Pinterest sowie Cookies.<\/p>\n<p>Weitere Informationen zu Zweck, Umfang und weiterer Verarbeitung und Nutzung der Daten durch Pinterest sowie Ihre diesbez\u00fcglichen Rechte und M\u00f6glichkeiten zum Schutz Ihrer Privatsph\u00e4re finden Sie in den den Datenschutzhinweisen von Pinterest: https:\/\/about.pinterest.com\/de\/privacy-policy<\/p>\n<p><strong>Datenschutzerkl\u00e4rung f\u00fcr die Nutzung von Tumblr<\/strong><\/p>\n<p>Unsere Seiten nutzen Schaltfl\u00e4chen des Dienstes Tumblr. Anbieter ist die Tumblr, Inc., 35 East 21st St, 10th Floor, New York, NY 10010, USA. Diese Schaltfl\u00e4chen erm\u00f6glichen es Ihnen, einen Beitrag oder eine Seite bei Tumblr zu teilen oder dem Anbieter bei Tumblr zu folgen. Wenn Sie eine unserer Webseiten mit Tumblr-Button aufrufen, baut der Browser eine direkte Verbindung mit den Servern von Tumblr auf. Wir haben keinen Einfluss auf den Umfang der Daten, die Tumblr mit Hilfe dieses Plugins erhebt und \u00fcbermittelt. Nach aktuellem Stand werden die IP-Adresse des Nutzers sowie die URL der jeweiligen Webseite \u00fcbermittelt.<\/p>\n<p>Weitere Informationen hierzu finden sich in der Datenschutzerkl\u00e4rung von Tumblr unter http:\/\/www.tumblr.com\/policy\/de\/privacy.<\/p>\n<p><strong>Datenschutzerkl\u00e4rung f\u00fcr die Nutzung von Twitter<\/strong><\/p>\n<p>Auf unseren Seiten sind Funktionen des Dienstes Twitter eingebunden. Diese Funktionen werden angeboten durch die Twitter Inc., 1355 Market Street, Suite 900, San Francisco, CA 94103, USA. Durch das Benutzen von Twitter und der Funktion \"Re-Tweet\" werden die von Ihnen besuchten Webseiten mit Ihrem Twitter-Account verkn\u00fcpft und anderen Nutzern bekannt gegeben. Dabei werden auch Daten an Twitter \u00fcbertragen. Wir weisen darauf hin, dass wir als Anbieter der Seiten keine Kenntnis vom Inhalt der \u00fcbermittelten Daten sowie deren Nutzung durch Twitter erhalten. Weitere Informationen hierzu finden Sie in der Datenschutzerkl\u00e4rung von Twitter unter http:\/\/twitter.com\/privacy.<\/p>\n<p>Ihre Datenschutzeinstellungen bei Twitter k\u00f6nnen Sie in den Konto-Einstellungen unter http:\/\/twitter.com\/account\/settings \u00e4ndern.<\/p>\n<p><strong>Cookies<\/strong><\/p>\n<p>Die Internetseiten verwenden teilweise so genannte Cookies. Cookies richten auf Ihrem Rechner keinen Schaden an und enthalten keine Viren. Cookies dienen dazu, unser Angebot nutzerfreundlicher, effektiver und sicherer zu machen. Cookies sind kleine Textdateien, die auf Ihrem Rechner abgelegt werden und die Ihr Browser speichert.<\/p>\n<p>Die meisten der von uns verwendeten Cookies sind so genannte \u201eSession-Cookies\u201c. Sie werden nach Ende Ihres Besuchs automatisch gel\u00f6scht. Andere Cookies bleiben auf Ihrem Endger\u00e4t gespeichert, bis Sie diese l\u00f6schen. Diese Cookies erm\u00f6glichen es uns, Ihren Browser beim n\u00e4chsten Besuch wiederzuerkennen.<\/p>\n<p>Sie k\u00f6nnen Ihren Browser so einstellen, dass Sie \u00fcber das Setzen von Cookies informiert werden und Cookies nur im Einzelfall erlauben, die Annahme von Cookies f\u00fcr bestimmte F\u00e4lle oder generell ausschlie\u00dfen sowie das automatische L\u00f6schen der Cookies beim Schlie\u00dfen des Browser aktivieren. Bei der Deaktivierung von Cookies kann die Funktionalit\u00e4t dieser Website eingeschr\u00e4nkt sein.<\/p>\n<\/div><\/div><\/div><\/div><\/div>","protected":false},"excerpt":{"rendered":"<p>Studio Axel Pfaender Lehenstr. 30 70180 Stuttgart Deutschland Telefon:\u00a001727805707 E-mail: <a href=\"javascript:secureDecryptAndNavigate('PqZwrT9r+K3lr6aSWAXsLa5G+uk1aaG8d4oq5sx\/BcPM4dKfw0ppfkSrrQryymEVrnmT3Bc\/WwAGErvOgE4L69FF2KZzG22J3pw=', 'e0d6c2c3ba85d880334de6d985621cabd6bad2fb8106ebcc28f6bdc33a303096')\">ap [at] axelpfaender [dot] com<\/a> Auf Behance folgen. Auf Instagram folgen. Berlin Boombox Fan werden auf Instagram Angaben gem\u00e4\u00df \u00a7 5 TMG: Axel Pfaender Studio Axel Pfaender Lehenstr. 30 70180 Stuttgart Deutschland Kontakt: Telefon: +491727805707 E-Mail: <a href=\"javascript:secureDecryptAndNavigate('iPzDi24mpIMVTUXn7hUXXseQueZxtEsX\/u1A1rzeqmydxIk78AQZpgjjF4iyxwMlrXwhH8cPw4o++xiSOxyemKfSrDHDNfBws9I=', 'e0d6c2c3ba85d880334de6d985621cabd6bad2fb8106ebcc28f6bdc33a303096')\">ap [at] axelpfaender [dot] com<\/a> Umsatzsteuer-Identifikationsnummer gem\u00e4\u00df \u00a727 a Umsatzsteuergesetz: DE225974012 Quelle: http:\/\/www.e-recht24.de Haftungsausschluss (Disclaimer) Haftung f\u00fcr&#8230;<\/p>\n","protected":false},"author":1,"featured_media":0,"parent":0,"menu_order":0,"comment_status":"closed","ping_status":"closed","template":"","meta":{"_acf_changed":false,"_monsterinsights_skip_tracking":false,"_monsterinsights_sitenote_active":false,"_monsterinsights_sitenote_note":"","_monsterinsights_sitenote_category":0,"footnotes":""},"class_list":["post-3887","page","type-page","status-publish","hentry"],"acf":[],"yoast_head":"<!-- This site is optimized with the Yoast SEO plugin v26.6 - https:\/\/yoast.com\/wordpress\/plugins\/seo\/ -->\n<title>Kontakt &amp; Impressum - Studio Axel Pfaender<\/title>\n<meta name=\"description\" content=\"Contact Axel Pfaender at his studio in Berlin and Stuttgart. Send an email for illustration inquiries. Call Axel at the studio for a friendly chat.\" \/>\n<meta name=\"robots\" content=\"index, follow, max-snippet:-1, max-image-preview:large, max-video-preview:-1\" \/>\n<link rel=\"canonical\" href=\"https:\/\/www.axelpfaender.com\/de\/kontakt\/\" \/>\n<meta property=\"og:locale\" content=\"de_DE\" \/>\n<meta property=\"og:type\" content=\"article\" \/>\n<meta property=\"og:title\" content=\"Kontakt &amp; Impressum - Studio Axel Pfaender\" \/>\n<meta property=\"og:description\" content=\"Contact Axel Pfaender at his studio in Berlin and Stuttgart. Send an email for illustration inquiries. Call Axel at the studio for a friendly chat.\" \/>\n<meta property=\"og:url\" content=\"https:\/\/www.axelpfaender.com\/de\/kontakt\/\" \/>\n<meta property=\"og:site_name\" content=\"Studio Axel Pfaender\" \/>\n<meta property=\"article:modified_time\" content=\"2024-01-17T13:48:09+00:00\" \/>\n<meta name=\"twitter:card\" content=\"summary_large_image\" \/>\n<meta name=\"twitter:label1\" content=\"Gesch\u00e4tzte Lesezeit\" \/>\n\t<meta name=\"twitter:data1\" content=\"8\u00a0Minuten\" \/>\n<script type=\"application\/ld+json\" class=\"yoast-schema-graph\">{\"@context\":\"https:\/\/schema.org\",\"@graph\":[{\"@type\":\"WebPage\",\"@id\":\"https:\/\/www.axelpfaender.com\/de\/kontakt\/\",\"url\":\"https:\/\/www.axelpfaender.com\/de\/kontakt\/\",\"name\":\"Kontakt & Impressum - Studio Axel Pfaender\",\"isPartOf\":{\"@id\":\"https:\/\/www.axelpfaender.com\/#website\"},\"datePublished\":\"2015-12-15T15:39:03+00:00\",\"dateModified\":\"2024-01-17T13:48:09+00:00\",\"description\":\"Contact Axel Pfaender at his studio in Berlin and Stuttgart. Send an email for illustration inquiries. Call Axel at the studio for a friendly chat.\",\"breadcrumb\":{\"@id\":\"https:\/\/www.axelpfaender.com\/de\/kontakt\/#breadcrumb\"},\"inLanguage\":\"de\",\"potentialAction\":[{\"@type\":\"ReadAction\",\"target\":[\"https:\/\/www.axelpfaender.com\/de\/kontakt\/\"]}]},{\"@type\":\"BreadcrumbList\",\"@id\":\"https:\/\/www.axelpfaender.com\/de\/kontakt\/#breadcrumb\",\"itemListElement\":[{\"@type\":\"ListItem\",\"position\":1,\"name\":\"Home\",\"item\":\"https:\/\/www.axelpfaender.com\/\"},{\"@type\":\"ListItem\",\"position\":2,\"name\":\"Kontakt &#038; Impressum\"}]},{\"@type\":\"WebSite\",\"@id\":\"https:\/\/www.axelpfaender.com\/#website\",\"url\":\"https:\/\/www.axelpfaender.com\/\",\"name\":\"Studio Axel Pfaender\",\"description\":\"Illustration &amp; Design\",\"publisher\":{\"@id\":\"https:\/\/www.axelpfaender.com\/#organization\"},\"potentialAction\":[{\"@type\":\"SearchAction\",\"target\":{\"@type\":\"EntryPoint\",\"urlTemplate\":\"https:\/\/www.axelpfaender.com\/?s={search_term_string}\"},\"query-input\":{\"@type\":\"PropertyValueSpecification\",\"valueRequired\":true,\"valueName\":\"search_term_string\"}}],\"inLanguage\":\"de\"},{\"@type\":\"Organization\",\"@id\":\"https:\/\/www.axelpfaender.com\/#organization\",\"name\":\"Studio Axel Pfaender\",\"url\":\"https:\/\/www.axelpfaender.com\/\",\"logo\":{\"@type\":\"ImageObject\",\"inLanguage\":\"de\",\"@id\":\"https:\/\/www.axelpfaender.com\/#\/schema\/logo\/image\/\",\"url\":\"https:\/\/www.axelpfaender.com\/wp-content\/uploads\/2021\/01\/Axel_favicon.jpg\",\"contentUrl\":\"https:\/\/www.axelpfaender.com\/wp-content\/uploads\/2021\/01\/Axel_favicon.jpg\",\"width\":1000,\"height\":1000,\"caption\":\"Studio Axel Pfaender\"},\"image\":{\"@id\":\"https:\/\/www.axelpfaender.com\/#\/schema\/logo\/image\/\"}}]}<\/script>\n<!-- \/ Yoast SEO plugin. -->","yoast_head_json":{"title":"Kontakt & Impressum - Studio Axel Pfaender","description":"Contact Axel Pfaender at his studio in Berlin and Stuttgart. Send an email for illustration inquiries. Call Axel at the studio for a friendly chat.","robots":{"index":"index","follow":"follow","max-snippet":"max-snippet:-1","max-image-preview":"max-image-preview:large","max-video-preview":"max-video-preview:-1"},"canonical":"https:\/\/www.axelpfaender.com\/de\/kontakt\/","og_locale":"de_DE","og_type":"article","og_title":"Kontakt & Impressum - Studio Axel Pfaender","og_description":"Contact Axel Pfaender at his studio in Berlin and Stuttgart. Send an email for illustration inquiries. Call Axel at the studio for a friendly chat.","og_url":"https:\/\/www.axelpfaender.com\/de\/kontakt\/","og_site_name":"Studio Axel Pfaender","article_modified_time":"2024-01-17T13:48:09+00:00","twitter_card":"summary_large_image","twitter_misc":{"Gesch\u00e4tzte Lesezeit":"8\u00a0Minuten"},"schema":{"@context":"https:\/\/schema.org","@graph":[{"@type":"WebPage","@id":"https:\/\/www.axelpfaender.com\/de\/kontakt\/","url":"https:\/\/www.axelpfaender.com\/de\/kontakt\/","name":"Kontakt & Impressum - Studio Axel Pfaender","isPartOf":{"@id":"https:\/\/www.axelpfaender.com\/#website"},"datePublished":"2015-12-15T15:39:03+00:00","dateModified":"2024-01-17T13:48:09+00:00","description":"Contact Axel Pfaender at his studio in Berlin and Stuttgart. Send an email for illustration inquiries. Call Axel at the studio for a friendly chat.","breadcrumb":{"@id":"https:\/\/www.axelpfaender.com\/de\/kontakt\/#breadcrumb"},"inLanguage":"de","potentialAction":[{"@type":"ReadAction","target":["https:\/\/www.axelpfaender.com\/de\/kontakt\/"]}]},{"@type":"BreadcrumbList","@id":"https:\/\/www.axelpfaender.com\/de\/kontakt\/#breadcrumb","itemListElement":[{"@type":"ListItem","position":1,"name":"Home","item":"https:\/\/www.axelpfaender.com\/"},{"@type":"ListItem","position":2,"name":"Kontakt &#038; Impressum"}]},{"@type":"WebSite","@id":"https:\/\/www.axelpfaender.com\/#website","url":"https:\/\/www.axelpfaender.com\/","name":"Studio Axel Pfaender","description":"Illustration &amp; Design","publisher":{"@id":"https:\/\/www.axelpfaender.com\/#organization"},"potentialAction":[{"@type":"SearchAction","target":{"@type":"EntryPoint","urlTemplate":"https:\/\/www.axelpfaender.com\/?s={search_term_string}"},"query-input":{"@type":"PropertyValueSpecification","valueRequired":true,"valueName":"search_term_string"}}],"inLanguage":"de"},{"@type":"Organization","@id":"https:\/\/www.axelpfaender.com\/#organization","name":"Studio Axel Pfaender","url":"https:\/\/www.axelpfaender.com\/","logo":{"@type":"ImageObject","inLanguage":"de","@id":"https:\/\/www.axelpfaender.com\/#\/schema\/logo\/image\/","url":"https:\/\/www.axelpfaender.com\/wp-content\/uploads\/2021\/01\/Axel_favicon.jpg","contentUrl":"https:\/\/www.axelpfaender.com\/wp-content\/uploads\/2021\/01\/Axel_favicon.jpg","width":1000,"height":1000,"caption":"Studio Axel Pfaender"},"image":{"@id":"https:\/\/www.axelpfaender.com\/#\/schema\/logo\/image\/"}}]}},"_links":{"self":[{"href":"https:\/\/www.axelpfaender.com\/de\/wp-json\/wp\/v2\/pages\/3887","targetHints":{"allow":["GET"]}}],"collection":[{"href":"https:\/\/www.axelpfaender.com\/de\/wp-json\/wp\/v2\/pages"}],"about":[{"href":"https:\/\/www.axelpfaender.com\/de\/wp-json\/wp\/v2\/types\/page"}],"author":[{"embeddable":true,"href":"https:\/\/www.axelpfaender.com\/de\/wp-json\/wp\/v2\/users\/1"}],"replies":[{"embeddable":true,"href":"https:\/\/www.axelpfaender.com\/de\/wp-json\/wp\/v2\/comments?post=3887"}],"version-history":[{"count":24,"href":"https:\/\/www.axelpfaender.com\/de\/wp-json\/wp\/v2\/pages\/3887\/revisions"}],"predecessor-version":[{"id":8261,"href":"https:\/\/www.axelpfaender.com\/de\/wp-json\/wp\/v2\/pages\/3887\/revisions\/8261"}],"wp:attachment":[{"href":"https:\/\/www.axelpfaender.com\/de\/wp-json\/wp\/v2\/media?parent=3887"}],"curies":[{"name":"wp","href":"https:\/\/api.w.org\/{rel}","templated":true}]}}